{"id":286,"date":"2016-10-31T13:17:59","date_gmt":"2016-10-31T16:17:59","guid":{"rendered":"https:\/\/espbaecaraffa-cba.infd.edu.ar\/sitio\/?page_id=286"},"modified":"2024-11-20T16:20:19","modified_gmt":"2024-11-20T19:20:19","slug":"inicio","status":"publish","type":"page","link":"https:\/\/espbaecaraffa-cba.infd.edu.ar\/sitio\/","title":{"rendered":"Inicio"},"content":{"rendered":"<div style=\"width: 1080px;\" class=\"wp-video\"><!--[if lt IE 9]><script>document.createElement('video');<\/script><![endif]-->\n<video class=\"wp-video-shortcode\" id=\"video-286-1\" width=\"1080\" height=\"1920\" preload=\"metadata\" controls=\"controls\"><source type=\"video\/mp4\" src=\"https:\/\/espbaecaraffa-cba.infd.edu.ar\/sitio\/wp-content\/uploads\/2024\/11\/VID-20241114-WA0148-1.mp4?_=1\" \/><a href=\"https:\/\/espbaecaraffa-cba.infd.edu.ar\/sitio\/wp-content\/uploads\/2024\/11\/VID-20241114-WA0148-1.mp4\">https:\/\/espbaecaraffa-cba.infd.edu.ar\/sitio\/wp-content\/uploads\/2024\/11\/VID-20241114-WA0148-1.mp4<\/a><\/video><\/div>\n<p style=\"text-align: justify;\">\u00a0<\/p>\n<p style=\"text-align: justify;\"><span style=\"font-size: 14pt;\"><em><strong><span style=\"color: #ff6600;\"><span style=\"font-family: 'comic sans ms', sans-serif; color: #993366;\">Fundada el 10 de febrero de 1952 y oficializada el 24 de marzo de 1960,la\u00a0<\/span><\/span><\/strong><\/em><em><strong><span style=\"color: #ff6600;\"><span style=\"font-family: 'comic sans ms', sans-serif; color: #993366;\">Escuela Superior de Bellas Artes Emilio Caraffa siendo la<\/span><\/span><\/strong><\/em><em><strong><span style=\"color: #ff6600;\"><span style=\"font-family: 'comic sans ms', sans-serif; color: #993366;\">\u00a0\u00fanica escuela de artes del Valle de Punilla, desarrolla el potencial art\u00edstico de ni\u00f1os, j\u00f3venes y adultos de la zona&#8230;<\/span><\/span><\/strong><\/em><\/span><\/p>\n<p><em><img decoding=\"async\" loading=\"lazy\" class=\"size-full wp-image-687 aligncenter\" src=\"https:\/\/espbaecaraffa-cba.infd.edu.ar\/sitio\/wp-content\/uploads\/2018\/08\/429272_251242418300990_2071594317_n.jpg\" alt=\"\" width=\"140\" height=\"113\" \/><\/em><\/p>\n<p>Ubicaci\u00f3n: Catamarca 325, Cosquin.<\/p>\n<p>Telefono: 03541- 458166<\/p>\n<p>WhatsApp: 3541-707798<\/p>\n","protected":false},"excerpt":{"rendered":"<p>\u00a0 Fundada el 10 de febrero de 1952 y oficializada el 24 de marzo de 1960,la\u00a0Escuela Superior de Bellas Artes Emilio Caraffa siendo la\u00a0\u00fanica escuela de artes del Valle de Punilla, desarrolla el potencial art\u00edstico de ni\u00f1os, j\u00f3venes y adultos de la zona&#8230; Ubicaci\u00f3n: Catamarca 325, Cosquin. Telefono: 03541- 458166 WhatsApp: 3541-707798<\/p>\n","protected":false},"author":1,"featured_media":0,"parent":0,"menu_order":0,"comment_status":"closed","ping_status":"closed","template":"","meta":[],"acf":[],"_links":{"self":[{"href":"https:\/\/espbaecaraffa-cba.infd.edu.ar\/sitio\/wp-json\/wp\/v2\/pages\/286"}],"collection":[{"href":"https:\/\/espbaecaraffa-cba.infd.edu.ar\/sitio\/wp-json\/wp\/v2\/pages"}],"about":[{"href":"https:\/\/espbaecaraffa-cba.infd.edu.ar\/sitio\/wp-json\/wp\/v2\/types\/page"}],"author":[{"embeddable":true,"href":"https:\/\/espbaecaraffa-cba.infd.edu.ar\/sitio\/wp-json\/wp\/v2\/users\/1"}],"replies":[{"embeddable":true,"href":"https:\/\/espbaecaraffa-cba.infd.edu.ar\/sitio\/wp-json\/wp\/v2\/comments?post=286"}],"version-history":[{"count":88,"href":"https:\/\/espbaecaraffa-cba.infd.edu.ar\/sitio\/wp-json\/wp\/v2\/pages\/286\/revisions"}],"predecessor-version":[{"id":1179,"href":"https:\/\/espbaecaraffa-cba.infd.edu.ar\/sitio\/wp-json\/wp\/v2\/pages\/286\/revisions\/1179"}],"wp:attachment":[{"href":"https:\/\/espbaecaraffa-cba.infd.edu.ar\/sitio\/wp-json\/wp\/v2\/media?parent=286"}],"curies":[{"name":"wp","href":"https:\/\/api.w.org\/{rel}","templated":true}]}}