{"id":723,"date":"2020-11-25T11:59:20","date_gmt":"2020-11-25T14:59:20","guid":{"rendered":"https:\/\/espbaecaraffa-cba.infd.edu.ar\/sitio\/tap-de-comunicacion-grafica\/"},"modified":"2022-12-05T17:25:25","modified_gmt":"2022-12-05T20:25:25","slug":"cav-ceramica-grafica-muralismo-visuales","status":"publish","type":"page","link":"https:\/\/espbaecaraffa-cba.infd.edu.ar\/sitio\/cav-ceramica-grafica-muralismo-visuales\/","title":{"rendered":"C.A.V. CICLOS ART\u00cdSTICOS VOCACIONALES en Cer\u00e1mica-Dise\u00f1o Gr\u00e1fico-Muralismo-Artes Visuales"},"content":{"rendered":"<p class=\"ecxMsoNoSpacing\" style=\"text-align: center;\"><span style=\"font-family: 'comic sans ms', sans-serif; color: #800080;\"><strong><span style=\"text-decoration: underline;\"><span style=\"font-size: 12pt;\">CICLOS ART\u00cdSTICOS VOCACIONALES: <\/span><\/span><\/strong><\/span><\/p>\n<p class=\"ecxMsoNoSpacing\" style=\"text-align: center;\"><span style=\"font-family: 'comic sans ms', sans-serif; color: #ff6600;\"><strong><span style=\"text-decoration: underline;\"><span style=\"font-size: 12pt;\">CER\u00c1MICA- DISE\u00d1O GR\u00c1FICO- MURALISMO- ARTES VISUALES<\/span><\/span><\/strong><\/span><\/p>\n<p style=\"text-align: center;\"><strong>INSCRIPCIONES C.A.V. 2023.<\/strong><\/p>\n<p style=\"text-align: center;\">HORARIO DE ATENCI\u00d3N AL P\u00daBLICO:<\/p>\n<p style=\"text-align: center;\"><strong>MARTES, JUEVES Y VIERNES DE 15 A 18:30 HS<\/strong><\/p>\n<p style=\"text-align: center;\"><strong>Descargar el formulario de inscripci\u00f3n y enviarlo a:<\/strong><\/p>\n<p style=\"text-align: center;\"><span style=\"color: #0000ff;\"><strong>inscripcionesesbacaraffa@gmail.com<\/strong><\/span><\/p>\n<p style=\"text-align: center;\"><strong>ADJUNTAR LA SIGUIENTE DOCUMENTACI\u00d3N:<\/strong><\/p>\n<ul style=\"text-align: center;\">\n<li>Formulario de inscripci\u00f3n completo<\/li>\n<\/ul>\n<p style=\"text-align: center;\"><a href=\"https:\/\/espbaecaraffa-cba.infd.edu.ar\/sitio\/wp-content\/uploads\/2022\/12\/FORMULARIO-DE-INSCRIPCION-C.-A.-V.-2023.doc\">FORMULARIO-DE-INSCRIPCION-C.-A.-V. 2023<\/a><\/p>\n<ul style=\"text-align: center;\">\n<li>DNI, frente y dorso<\/li>\n<li>Ficha m\u00e9dica del Ministerio de Educaci\u00f3n ( CUS)<\/li>\n<\/ul>\n<p style=\"text-align: center;\"><a href=\"https:\/\/espbaecaraffa-cba.infd.edu.ar\/sitio\/wp-content\/uploads\/2020\/12\/Ficha-m%C3%A9dica-oficial-estudiantes-2021.docx\">Ficha m\u00e9dica oficial estudiantes 2023<\/a><\/p>\n<p style=\"text-align: center;\"><a href=\"https:\/\/espbaecaraffa-cba.infd.edu.ar\/sitio\/wp-content\/uploads\/2022\/12\/Informe-de-salud-Anual-I.S.A..doc\">Informe-de-salud-Anual-I.S.A.<\/a><\/p>\n<ul style=\"text-align: center;\">\n<li>CUIL<\/li>\n<li>Foto carnet<\/li>\n<\/ul>\n<p style=\"text-align: center;\"><b>Deber\u00e1n ser presentados en formato papel, al comienzo de la cursada presencial.<\/b><\/p>\n<h1 style=\"text-align: center;\"><span style=\"color: #800080;\"><strong>INICIO DE LAS CLASES:\u00a0 27 DE FEBRERO<\/strong><\/span><\/h1>\n<p><span style=\"color: #800080;\">HORARIOS DE LOS C.A.V.<\/span><\/p>\n<p><a href=\"https:\/\/espbaecaraffa-cba.infd.edu.ar\/sitio\/wp-content\/uploads\/2021\/02\/Horarios-CAV-CER\u00c1MICA.pdf\">Horarios CAV CER\u00c1MICA<\/a><\/p>\n<p><a href=\"https:\/\/espbaecaraffa-cba.infd.edu.ar\/sitio\/wp-content\/uploads\/2021\/02\/Horarios-CAV-DISE\u00d1O-GRAFICO.pdf\">Horarios CAV DISE\u00d1O GRAFICO<\/a><\/p>\n<p><a href=\"https:\/\/espbaecaraffa-cba.infd.edu.ar\/sitio\/wp-content\/uploads\/2021\/02\/Horarios-CAV-MURALISMO.pdf\">Horarios CAV MURALISMO<\/a><\/p>\n<p><a href=\"https:\/\/espbaecaraffa-cba.infd.edu.ar\/sitio\/wp-content\/uploads\/2021\/02\/Horarios-CAV-ARTES-VISUALES.pdf\">Horarios CAV ARTES VISUALES<\/a><\/p>\n<p><img decoding=\"async\" loading=\"lazy\" class=\"alignnone size-full wp-image-866\" src=\"https:\/\/espbaecaraffa-cba.infd.edu.ar\/sitio\/wp-content\/uploads\/2020\/11\/IMG-20190315-WA0036-Cer\u00e1mica.jpg\" alt=\"\" width=\"679\" height=\"960\" \/><\/p>\n<p><img decoding=\"async\" loading=\"lazy\" class=\"alignnone size-full wp-image-868\" src=\"https:\/\/espbaecaraffa-cba.infd.edu.ar\/sitio\/wp-content\/uploads\/2020\/11\/IMG-20190315-WA0038-Dise\u00f1o-Gr\u00e1fico.jpg\" alt=\"\" width=\"679\" height=\"960\" \/><\/p>\n<p><img decoding=\"async\" loading=\"lazy\" class=\"alignnone size-full wp-image-867\" src=\"https:\/\/espbaecaraffa-cba.infd.edu.ar\/sitio\/wp-content\/uploads\/2020\/11\/IMG-20190315-WA0037-Muralismo.jpg\" alt=\"\" width=\"679\" height=\"960\" \/><\/p>\n<p><img decoding=\"async\" loading=\"lazy\" class=\"alignnone size-full wp-image-869\" src=\"https:\/\/espbaecaraffa-cba.infd.edu.ar\/sitio\/wp-content\/uploads\/2020\/11\/IMG-20190315-WA0035-Artes-Visuales.jpg\" alt=\"\" width=\"679\" height=\"960\" \/><\/p>\n<p class=\"ecxMsoNoSpacing\" style=\"text-align: justify;\"><span style=\"font-family: 'comic sans ms', sans-serif; color: #800080;\"><span style=\"font-size: 12pt;\">Ofrece\u00a0\u00a0 <\/span><span style=\"font-size: 12pt;\">al alumno las herramientas te\u00f3ricas y pr\u00e1cticas relacionadas con la cer\u00e1mica art\u00edstica e industrial, el dise\u00f1o gr\u00e1fico, el muralismo y las artes visuales orientadas hacia la creaci\u00f3n, la producci\u00f3n y la autogesti\u00f3n, potenciando sus habilidades y brind\u00e1ndole conocimientos e instrumentos \u00fatiles para su desarrollo en el marco art\u00edstico y t\u00e9cnico.<\/span><\/span><\/p>\n<p class=\"ecxMsoNoSpacing\" style=\"text-align: center;\"><span style=\"color: #800080; font-size: 12pt; font-family: 'comic sans ms', sans-serif;\">Otorga adem\u00e1s un desarrollo integral para formar un profesional capaz de desempe\u00f1arse con conocimientos t\u00e9cnicos, en su <strong><em>contexto regional<\/em><\/strong>\u00a0\u00a0 auto-gestionando su propia producci\u00f3n art\u00edstica.<\/span><\/p>\n<p class=\"ecxMsoNoSpacing\" style=\"text-align: center;\"><span style=\"color: black; font-size: 12pt;\"><img decoding=\"async\" loading=\"lazy\" src=\"https:\/\/scontent-gru2-1.xx.fbcdn.net\/hphotos-xlf1\/v\/t1.0-9\/12299360_172998189716425_8952310979855195826_n.jpg?oh=b35504d62d86c82897a8408a2fe1a7ac&amp;oe=5765E3D1\" width=\"709\" height=\"667\" border=\"0\" \/><\/span><\/p>\n","protected":false},"excerpt":{"rendered":"<p>CICLOS ART\u00cdSTICOS VOCACIONALES: CER\u00c1MICA- DISE\u00d1O GR\u00c1FICO- MURALISMO- ARTES VISUALES INSCRIPCIONES C.A.V. 2023. HORARIO DE ATENCI\u00d3N AL P\u00daBLICO: MARTES, JUEVES Y VIERNES DE 15 A 18:30 HS Descargar el formulario de inscripci\u00f3n y enviarlo a: inscripcionesesbacaraffa@gmail.com ADJUNTAR LA SIGUIENTE DOCUMENTACI\u00d3N: Formulario de inscripci\u00f3n completo FORMULARIO-DE-INSCRIPCION-C.-A.-V. 2023 DNI, frente y dorso Ficha m\u00e9dica del Ministerio de Educaci\u00f3n &#8230; <a title=\"C.A.V. CICLOS ART\u00cdSTICOS VOCACIONALES en Cer\u00e1mica-Dise\u00f1o Gr\u00e1fico-Muralismo-Artes Visuales\" class=\"read-more\" href=\"https:\/\/espbaecaraffa-cba.infd.edu.ar\/sitio\/cav-ceramica-grafica-muralismo-visuales\/\" aria-label=\"More on C.A.V. CICLOS ART\u00cdSTICOS VOCACIONALES en Cer\u00e1mica-Dise\u00f1o Gr\u00e1fico-Muralismo-Artes Visuales\">[+]<\/a><\/p>\n","protected":false},"author":222,"featured_media":0,"parent":0,"menu_order":0,"comment_status":"closed","ping_status":"closed","template":"","meta":[],"acf":[],"_links":{"self":[{"href":"https:\/\/espbaecaraffa-cba.infd.edu.ar\/sitio\/wp-json\/wp\/v2\/pages\/723"}],"collection":[{"href":"https:\/\/espbaecaraffa-cba.infd.edu.ar\/sitio\/wp-json\/wp\/v2\/pages"}],"about":[{"href":"https:\/\/espbaecaraffa-cba.infd.edu.ar\/sitio\/wp-json\/wp\/v2\/types\/page"}],"author":[{"embeddable":true,"href":"https:\/\/espbaecaraffa-cba.infd.edu.ar\/sitio\/wp-json\/wp\/v2\/users\/222"}],"replies":[{"embeddable":true,"href":"https:\/\/espbaecaraffa-cba.infd.edu.ar\/sitio\/wp-json\/wp\/v2\/comments?post=723"}],"version-history":[{"count":11,"href":"https:\/\/espbaecaraffa-cba.infd.edu.ar\/sitio\/wp-json\/wp\/v2\/pages\/723\/revisions"}],"predecessor-version":[{"id":1042,"href":"https:\/\/espbaecaraffa-cba.infd.edu.ar\/sitio\/wp-json\/wp\/v2\/pages\/723\/revisions\/1042"}],"wp:attachment":[{"href":"https:\/\/espbaecaraffa-cba.infd.edu.ar\/sitio\/wp-json\/wp\/v2\/media?parent=723"}],"curies":[{"name":"wp","href":"https:\/\/api.w.org\/{rel}","templated":true}]}}