{"id":725,"date":"2018-08-30T11:59:20","date_gmt":"2018-08-30T14:59:20","guid":{"rendered":"https:\/\/espbaecaraffa-cba.infd.edu.ar\/sitio\/profesorado-en-artes-visuales\/"},"modified":"2024-02-19T15:50:40","modified_gmt":"2024-02-19T18:50:40","slug":"profesorado-en-artes-visuales","status":"publish","type":"page","link":"https:\/\/espbaecaraffa-cba.infd.edu.ar\/sitio\/profesorado-en-artes-visuales\/","title":{"rendered":"PROFESORADO DE ARTES VISUALES"},"content":{"rendered":"<h1 style=\"text-align: center;\"><span style=\"color: #000000;\">CURSO DE INGRESO: <\/span><\/h1>\n<h1 style=\"text-align: center;\"><span style=\"color: #ff0000;\">\u00abSEMINARIO EL OFICIO DE ENSE\u00d1AR\u00bb<\/span><\/h1>\n<h2><span style=\"color: #ff0000;\"><strong>INICIO : Febrero-Marzo 2024<\/strong> ( la escuela se comunicar\u00e1 con los estudiantes pre-matriculados por correo electr\u00f3nico para informar la modalidad de cursado ) Comunicarse con la Instituci\u00f3n a trav\u00e9s de WhatsApp 3541707798\u00a0 \u00a0 \u00a0 \u00a0 \u00a0 \u00a0 \u00a0 \u00a0 \u00a0 \u00a0 \u00a0 \u00a0 \u00a0 \u00a0 \u00a0 \u00a0 \u00a0 \u00a0 \u00a0 \u00a0 \u00a0 \u00a0 \u00a0 \u00a0 \u00a0 \u00a0 \u00a0 \u00a0 \u00a0 \u00a0 \u00a0 \u00a0 \u00a0 \u00a0 \u00a0 \u00a0 \u00a0Inicio de clases el 3 de abril 2024<\/span><\/h2>\n<div id=\"ContenidoPosta\" style=\"width: 100%; display: block; float: left; height: 76px;\">\n<p style=\"text-align: justify;\"><span style=\"font-size: 12pt; font-family: 'comic sans ms', sans-serif; color: #800080;\">El Profesorado de Artes de Artes Visuales es una carrera de nivel superior no universitario de cuatro a\u00f1os de duraci\u00f3n. Brinda <span style=\"font-style: italic;\">formaci\u00f3n<\/span><span style=\"font-style: italic;\"> pedag\u00f3gica<\/span> orientada a las artes visuales y habilita para la docencia en los niveles inicial, primario, secundario, art\u00edstico\u00a0y especial.<\/span><\/p>\n<p><a href=\"https:\/\/espbaecaraffa-cba.infd.edu.ar\/sitio\/wp-content\/uploads\/2021\/03\/HORARIOS-DE-PROFESORADO-DE-ARTES-VISUALES-2021.pdf\">HORARIOS DE PROFESORADO DE ARTES VISUALES 2024<\/a><\/p>\n<p><img decoding=\"async\" loading=\"lazy\" class=\"alignnone size-medium wp-image-855\" src=\"https:\/\/espbaecaraffa-cba.infd.edu.ar\/sitio\/wp-content\/uploads\/2020\/11\/IMG-20190610-WA0040-Profesorado-471x1000.jpg\" alt=\"\" width=\"471\" height=\"1000\" srcset=\"https:\/\/espbaecaraffa-cba.infd.edu.ar\/sitio\/wp-content\/uploads\/2020\/11\/IMG-20190610-WA0040-Profesorado-471x1000.jpg 471w, https:\/\/espbaecaraffa-cba.infd.edu.ar\/sitio\/wp-content\/uploads\/2020\/11\/IMG-20190610-WA0040-Profesorado.jpg 603w\" sizes=\"(max-width: 471px) 100vw, 471px\" \/><\/p>\n<\/div>\n\n\n<p><\/p>\n","protected":false},"excerpt":{"rendered":"<p>CURSO DE INGRESO: \u00abSEMINARIO EL OFICIO DE ENSE\u00d1AR\u00bb INICIO : Febrero-Marzo 2024 ( la escuela se comunicar\u00e1 con los estudiantes pre-matriculados por correo electr\u00f3nico para informar la modalidad de cursado ) Comunicarse con la Instituci\u00f3n a trav\u00e9s de WhatsApp 3541707798\u00a0 \u00a0 \u00a0 \u00a0 \u00a0 \u00a0 \u00a0 \u00a0 \u00a0 \u00a0 \u00a0 \u00a0 \u00a0 \u00a0 \u00a0 \u00a0 &#8230; <a title=\"PROFESORADO DE ARTES VISUALES\" class=\"read-more\" href=\"https:\/\/espbaecaraffa-cba.infd.edu.ar\/sitio\/profesorado-en-artes-visuales\/\" aria-label=\"More on PROFESORADO DE ARTES VISUALES\">[+]<\/a><\/p>\n","protected":false},"author":222,"featured_media":0,"parent":0,"menu_order":0,"comment_status":"closed","ping_status":"closed","template":"","meta":[],"acf":[],"_links":{"self":[{"href":"https:\/\/espbaecaraffa-cba.infd.edu.ar\/sitio\/wp-json\/wp\/v2\/pages\/725"}],"collection":[{"href":"https:\/\/espbaecaraffa-cba.infd.edu.ar\/sitio\/wp-json\/wp\/v2\/pages"}],"about":[{"href":"https:\/\/espbaecaraffa-cba.infd.edu.ar\/sitio\/wp-json\/wp\/v2\/types\/page"}],"author":[{"embeddable":true,"href":"https:\/\/espbaecaraffa-cba.infd.edu.ar\/sitio\/wp-json\/wp\/v2\/users\/222"}],"replies":[{"embeddable":true,"href":"https:\/\/espbaecaraffa-cba.infd.edu.ar\/sitio\/wp-json\/wp\/v2\/comments?post=725"}],"version-history":[{"count":13,"href":"https:\/\/espbaecaraffa-cba.infd.edu.ar\/sitio\/wp-json\/wp\/v2\/pages\/725\/revisions"}],"predecessor-version":[{"id":1221,"href":"https:\/\/espbaecaraffa-cba.infd.edu.ar\/sitio\/wp-json\/wp\/v2\/pages\/725\/revisions\/1221"}],"wp:attachment":[{"href":"https:\/\/espbaecaraffa-cba.infd.edu.ar\/sitio\/wp-json\/wp\/v2\/media?parent=725"}],"curies":[{"name":"wp","href":"https:\/\/api.w.org\/{rel}","templated":true}]}}