{"id":727,"date":"2018-08-30T11:59:21","date_gmt":"2018-08-30T14:59:21","guid":{"rendered":"https:\/\/espbaecaraffa-cba.infd.edu.ar\/sitio\/tecnicatura-superior-en-artes-visuales\/"},"modified":"2024-02-19T15:53:58","modified_gmt":"2024-02-19T18:53:58","slug":"tecnicatura-superior-en-artes-visuales","status":"publish","type":"page","link":"https:\/\/espbaecaraffa-cba.infd.edu.ar\/sitio\/tecnicatura-superior-en-artes-visuales\/","title":{"rendered":"TECNICATURA SUPERIOR EN ARTES VISUALES"},"content":{"rendered":"<h1 class=\"fechaModif\" style=\"text-align: justify;\"><span style=\"color: #ff0000;\">\u00abSEMINARIO EL OFICIO DE SER T\u00c9CNICO\u00bb<\/span><\/h1>\n<h2 class=\"fechaModif\" style=\"text-align: justify;\"><span style=\"color: #ff0000;\"><strong>INICIO : Febrero-Marzo 2024<\/strong> ( la escuela se comunicar\u00e1 con los estudiantes pre-matriculados por correo electr\u00f3nico para informar la modalidad de cursado ) Comunicarse con la instituci\u00f3n a trav\u00e9s de WhatsApp 3541707798.\u00a0 \u00a0 \u00a0 \u00a0 \u00a0 \u00a0 \u00a0 \u00a0 \u00a0 \u00a0 \u00a0 \u00a0 \u00a0 \u00a0 \u00a0 \u00a0 \u00a0 \u00a0 \u00a0 \u00a0 \u00a0 \u00a0 \u00a0 \u00a0 \u00a0 \u00a0 \u00a0 \u00a0 \u00a0 \u00a0 \u00a0 \u00a0 \u00a0 \u00a0 \u00a0 \u00a0 Inicio de clases el 3 de abril 2024<\/span><\/h2>\n<h2 class=\"fechaModif\" style=\"text-align: justify;\"><span class=\"Texto_verdana\" style=\"color: #800080; font-family: 'comic sans ms', sans-serif; font-size: 12pt;\">La Tecnicatura Superior en Artes Visuales\u00a0es una carrera de nivel superior no universitario de tres a\u00f1os de duraci\u00f3n. Brinda t\u00edtulos oficiales de validez nacional.<\/span><\/h2>\n<p>Los horarios y las materias pueden sufrir modificaciones.<\/p>\n<div><a href=\"https:\/\/espbaecaraffa-cba.infd.edu.ar\/sitio\/wp-content\/uploads\/2021\/03\/HORARIO-DE-TECNICATURA-EN-ARTES-VISUALES-2021.pdf\">HORARIO DE TECNICATURA EN ARTES VISUALES 2024<\/a><\/div>\n<div><img decoding=\"async\" loading=\"lazy\" class=\"alignnone size-medium wp-image-852\" src=\"https:\/\/espbaecaraffa-cba.infd.edu.ar\/sitio\/wp-content\/uploads\/2020\/11\/IMG-20190610-WA0039-Tecnicatura-Arte-471x1000.jpg\" alt=\"\" width=\"471\" height=\"1000\" srcset=\"https:\/\/espbaecaraffa-cba.infd.edu.ar\/sitio\/wp-content\/uploads\/2020\/11\/IMG-20190610-WA0039-Tecnicatura-Arte-471x1000.jpg 471w, https:\/\/espbaecaraffa-cba.infd.edu.ar\/sitio\/wp-content\/uploads\/2020\/11\/IMG-20190610-WA0039-Tecnicatura-Arte.jpg 603w\" sizes=\"(max-width: 471px) 100vw, 471px\" \/><\/div>\n<div class=\"fechaModif\" style=\"text-align: justify;\">\n<p style=\"text-align: center;\"><img decoding=\"async\" loading=\"lazy\" src=\"https:\/\/scontent-gru2-1.xx.fbcdn.net\/hphotos-xat1\/v\/t1.0-9\/12278836_172998473049730_2648728391221712164_n.jpg?oh=ecfb1a3ca7f12a4de8ad105ac941da8d&amp;oe=5761BDDF\" width=\"443\" height=\"417\" border=\"0\" \/><\/p>\n<\/div>\n","protected":false},"excerpt":{"rendered":"<p>\u00abSEMINARIO EL OFICIO DE SER T\u00c9CNICO\u00bb INICIO : Febrero-Marzo 2024 ( la escuela se comunicar\u00e1 con los estudiantes pre-matriculados por correo electr\u00f3nico para informar la modalidad de cursado ) Comunicarse con la instituci\u00f3n a trav\u00e9s de WhatsApp 3541707798.\u00a0 \u00a0 \u00a0 \u00a0 \u00a0 \u00a0 \u00a0 \u00a0 \u00a0 \u00a0 \u00a0 \u00a0 \u00a0 \u00a0 \u00a0 \u00a0 \u00a0 \u00a0 &#8230; <a title=\"TECNICATURA SUPERIOR EN ARTES VISUALES\" class=\"read-more\" href=\"https:\/\/espbaecaraffa-cba.infd.edu.ar\/sitio\/tecnicatura-superior-en-artes-visuales\/\" aria-label=\"More on TECNICATURA SUPERIOR EN ARTES VISUALES\">[+]<\/a><\/p>\n","protected":false},"author":222,"featured_media":0,"parent":0,"menu_order":0,"comment_status":"closed","ping_status":"closed","template":"","meta":[],"acf":[],"_links":{"self":[{"href":"https:\/\/espbaecaraffa-cba.infd.edu.ar\/sitio\/wp-json\/wp\/v2\/pages\/727"}],"collection":[{"href":"https:\/\/espbaecaraffa-cba.infd.edu.ar\/sitio\/wp-json\/wp\/v2\/pages"}],"about":[{"href":"https:\/\/espbaecaraffa-cba.infd.edu.ar\/sitio\/wp-json\/wp\/v2\/types\/page"}],"author":[{"embeddable":true,"href":"https:\/\/espbaecaraffa-cba.infd.edu.ar\/sitio\/wp-json\/wp\/v2\/users\/222"}],"replies":[{"embeddable":true,"href":"https:\/\/espbaecaraffa-cba.infd.edu.ar\/sitio\/wp-json\/wp\/v2\/comments?post=727"}],"version-history":[{"count":12,"href":"https:\/\/espbaecaraffa-cba.infd.edu.ar\/sitio\/wp-json\/wp\/v2\/pages\/727\/revisions"}],"predecessor-version":[{"id":1102,"href":"https:\/\/espbaecaraffa-cba.infd.edu.ar\/sitio\/wp-json\/wp\/v2\/pages\/727\/revisions\/1102"}],"wp:attachment":[{"href":"https:\/\/espbaecaraffa-cba.infd.edu.ar\/sitio\/wp-json\/wp\/v2\/media?parent=727"}],"curies":[{"name":"wp","href":"https:\/\/api.w.org\/{rel}","templated":true}]}}