{"id":739,"date":"2020-12-03T11:59:27","date_gmt":"2020-12-03T14:59:27","guid":{"rendered":"https:\/\/espbaecaraffa-cba.infd.edu.ar\/sitio\/tap-de-ceramica-industrial\/"},"modified":"2025-11-06T12:08:51","modified_gmt":"2025-11-06T15:08:51","slug":"prematricula-nivel-superior","status":"publish","type":"page","link":"https:\/\/espbaecaraffa-cba.infd.edu.ar\/sitio\/prematricula-nivel-superior\/","title":{"rendered":"PRE- MATRICULACI\u00d3N DE NIVEL SUPERIOR"},"content":{"rendered":"<p><span style=\"font-family: verdana, geneva; font-size: 10pt; color: #800000;\">\u00a0 \u00a0<\/span><\/p>\n<h2><strong><span style=\"color: #0000ff;\">Ciclo Lectivo 2026<\/span><\/strong>, abre la PRE MATRICULACI\u00d3N para las CARRERAS de NIVEL SUPERIOR 2025.<\/h2>\n<h4><strong>A partir del 17 de noviembre al 23 de diciembre del 2025.<\/strong><\/h4>\n<div>Consultas a trav\u00e9s del correo institucional <span style=\"color: #0000ff;\">ecaraffacosquin@yahoo.com.ar<\/span><\/div>\n<div>\n<div><strong><span style=\"color: #000000;\">SEGUI ARTE en Cosquin!<\/span><\/strong><\/div>\n<div><strong>Para este procedimiento encontrar\u00e1n los instructivos correspondientes, ingresando a<\/strong><\/div>\n<div>\u00a0<\/div>\n<\/div>\n<div>\u00a0<\/div>\n<div><a href=\"https:\/\/dges-cba.edu.ar\/wp\/index.php\/preinscripciones-a-carreras\/\">https:\/\/dges-cba.edu.ar\/wp\/index.php\/preinscripciones-a-carreras\/<\/a><\/div>\n<div>\u00a0<\/div>\n<div>\u00a0<\/div>\n<div><a href=\"https:\/\/espbaecaraffa-cba.infd.edu.ar\/sitio\/wp-content\/uploads\/2024\/11\/Superior-Prematriculacion-Aspirantes-2025.pdf\">Superior-Prematriculaci\u00f3n-Aspirantes 2025<\/a><\/div>\n<div>\u00a0<\/div>\n<div>\n<div><span style=\"color: #0000ff;\">https:\/\/www.cba.gov.ar\/gestion-estudiantes\/<\/span> o a la p\u00e1gina de Gobierno de C\u00f3rdoba<\/div>\n<div><span style=\"color: #0000ff;\">https:\/\/www.cba.gov.ar\/<\/span>. En el men\u00fa que se encuentra en la parte superior derecha de la p\u00e1gina web, se ingresa a Repartici\u00f3n, luego Ministerio de Educaci\u00f3n, luego oprimir en el enlace <strong>\u201cGesti\u00f3n de Estudiantes\u201d<\/strong> que se encuentra en la secci\u00f3n llamada \u201cInformaci\u00f3n Adicional\u201d y por \u00faltimo en el men\u00fa<\/div>\n<p>derecho ingresar a <strong>\u201cPre Matricula \u2013 Nivel Superior\u201d.<\/strong> All\u00ed el sistema le ir\u00e1 indicando y orientando.<\/p>\n<p>CUE-1402623-00\u00a0 (EE0310336)<\/p>\n<p>\u00a0<\/p>\n<p><span style=\"color: #008000;\"><strong>Documentaci\u00f3n de Inscripci\u00f3n 2026.<\/strong><\/span><\/p>\n<p><span style=\"color: #008000;\"><b>Su recepci\u00f3n ser\u00e1\u00a0<\/b><b>\u00a0en formato papel personalmente en la instituci\u00f3n:<\/b><\/span><\/p>\n<p>\u00a0<\/p>\n<ul>\n<li>DNI, frente y dorso<\/li>\n<li>Pre-matr\u00edcula<\/li>\n<li>Certificado o partida de nacimiento<\/li>\n<li>Certificado anal\u00edtico de nivel Secundario ( o la constancia de certificado anal\u00edtico en tr\u00e1mite)<\/li>\n<li>Ficha m\u00e9dica del Ministerio de Educaci\u00f3n ( CUS), con electrocardiograma<\/li>\n<li>CUIL<\/li>\n<li>Foto carnet<\/li>\n<li>Carpeta colgante<\/li>\n<li>FICHA DE INSCRIPCI\u00d3N (se adjunta a continuaci\u00f3n, seleccionar la que corresponde a la carrera)<\/li>\n<\/ul>\n<p><span style=\"color: #008000;\"><b>Deber\u00e1n ser presentados en formato papel, al comienzo de la cursada presencial.<\/b><\/span><\/p>\n<p><a href=\"https:\/\/espbaecaraffa-cba.infd.edu.ar\/sitio\/wp-content\/uploads\/2020\/12\/Ficha-m\u00e9dica-oficial-estudiantes-2021.docx\">Ficha m\u00e9dica oficial estudiantes 2026<\/a><\/p>\n<\/div>\n\n\n<div class=\"wp-block-file\"><a id=\"wp-block-file--media-b8227967-dcd9-4c0b-822c-465bb80a4ee9\" href=\"https:\/\/espbaecaraffa-cba.infd.edu.ar\/sitio\/wp-content\/uploads\/2022\/10\/INSCRIPCION-2023-PROFESORADO-ESCUELA-SUPERIOR-DE-BELLAS-ARTES.docx\">HORARIO DE ATENCI\u00d3N VIERNES DE 18 A 21HS<br>INSCRIPCI\u00d3N-2023 PROFESORADO-ESCUELA SUPERIOR DE BELLAS ARTES<\/a><a href=\"https:\/\/espbaecaraffa-cba.infd.edu.ar\/sitio\/wp-content\/uploads\/2022\/10\/INSCRIPCION-2023-PROFESORADO-ESCUELA-SUPERIOR-DE-BELLAS-ARTES.docx\" class=\"wp-block-file__button wp-element-button\" download aria-describedby=\"wp-block-file--media-b8227967-dcd9-4c0b-822c-465bb80a4ee9\">Descarga<\/a><\/div>\n\n\n\n<div class=\"wp-block-file\"><a id=\"wp-block-file--media-0ef68df1-17f9-4387-a053-32e2cbc8f5d7\" href=\"https:\/\/espbaecaraffa-cba.infd.edu.ar\/sitio\/wp-content\/uploads\/2022\/10\/INSCRIPCION-2023-TECNICATURA-EN-GESTION-SOCIOCULTURAL.docx\">HORARIO DE ATENCI\u00d3N LUNES DE 18 A 21 HS<br>INSCRIPCI\u00d3N- 2025- TECNICATURA EN GESTI\u00d3N SOCIOCULTURAL<\/a><a href=\"https:\/\/espbaecaraffa-cba.infd.edu.ar\/sitio\/wp-content\/uploads\/2022\/10\/INSCRIPCION-2023-TECNICATURA-EN-GESTION-SOCIOCULTURAL.docx\" class=\"wp-block-file__button wp-element-button\" download aria-describedby=\"wp-block-file--media-0ef68df1-17f9-4387-a053-32e2cbc8f5d7\">Descarga<\/a><\/div>\n\n\n\n<div class=\"wp-block-file\"><a id=\"wp-block-file--media-19fa214a-7f67-491b-8388-f8a83cc1ad25\" href=\"https:\/\/espbaecaraffa-cba.infd.edu.ar\/sitio\/wp-content\/uploads\/2022\/10\/INSCRIPCION-2023-TECNICATURA-SUP-EN-ARTE.docx\"><br>HORARIO DE ATENCI\u00d3N MI\u00c9RCOLES DE 18 A 21 HS<br>INSCRIPCI\u00d3N- 2025 TECNICATURA SUP EN ARTE<\/a><a href=\"https:\/\/espbaecaraffa-cba.infd.edu.ar\/sitio\/wp-content\/uploads\/2022\/10\/INSCRIPCION-2023-TECNICATURA-SUP-EN-ARTE.docx\" class=\"wp-block-file__button wp-element-button\" download aria-describedby=\"wp-block-file--media-19fa214a-7f67-491b-8388-f8a83cc1ad25\">Descarga<\/a><\/div>\n\n\n\n<p><\/p>\n","protected":false},"excerpt":{"rendered":"<p>\u00a0 \u00a0 Ciclo Lectivo 2026, abre la PRE MATRICULACI\u00d3N para las CARRERAS de NIVEL SUPERIOR 2025. A partir del 17 de noviembre al 23 de diciembre del 2025. Consultas a trav\u00e9s del correo institucional ecaraffacosquin@yahoo.com.ar SEGUI ARTE en Cosquin! Para este procedimiento encontrar\u00e1n los instructivos correspondientes, ingresando a \u00a0 \u00a0 https:\/\/dges-cba.edu.ar\/wp\/index.php\/preinscripciones-a-carreras\/ \u00a0 \u00a0 Superior-Prematriculaci\u00f3n-Aspirantes 2025 &#8230; <a title=\"PRE- MATRICULACI\u00d3N DE NIVEL SUPERIOR\" class=\"read-more\" href=\"https:\/\/espbaecaraffa-cba.infd.edu.ar\/sitio\/prematricula-nivel-superior\/\" aria-label=\"More on PRE- MATRICULACI\u00d3N DE NIVEL SUPERIOR\">[+]<\/a><\/p>\n","protected":false},"author":222,"featured_media":0,"parent":0,"menu_order":0,"comment_status":"closed","ping_status":"closed","template":"","meta":[],"acf":[],"_links":{"self":[{"href":"https:\/\/espbaecaraffa-cba.infd.edu.ar\/sitio\/wp-json\/wp\/v2\/pages\/739"}],"collection":[{"href":"https:\/\/espbaecaraffa-cba.infd.edu.ar\/sitio\/wp-json\/wp\/v2\/pages"}],"about":[{"href":"https:\/\/espbaecaraffa-cba.infd.edu.ar\/sitio\/wp-json\/wp\/v2\/types\/page"}],"author":[{"embeddable":true,"href":"https:\/\/espbaecaraffa-cba.infd.edu.ar\/sitio\/wp-json\/wp\/v2\/users\/222"}],"replies":[{"embeddable":true,"href":"https:\/\/espbaecaraffa-cba.infd.edu.ar\/sitio\/wp-json\/wp\/v2\/comments?post=739"}],"version-history":[{"count":22,"href":"https:\/\/espbaecaraffa-cba.infd.edu.ar\/sitio\/wp-json\/wp\/v2\/pages\/739\/revisions"}],"predecessor-version":[{"id":1228,"href":"https:\/\/espbaecaraffa-cba.infd.edu.ar\/sitio\/wp-json\/wp\/v2\/pages\/739\/revisions\/1228"}],"wp:attachment":[{"href":"https:\/\/espbaecaraffa-cba.infd.edu.ar\/sitio\/wp-json\/wp\/v2\/media?parent=739"}],"curies":[{"name":"wp","href":"https:\/\/api.w.org\/{rel}","templated":true}]}}