{"id":743,"date":"2018-08-30T11:59:28","date_gmt":"2018-08-30T14:59:28","guid":{"rendered":"https:\/\/espbaecaraffa-cba.infd.edu.ar\/sitio\/tecnicatura-superior-en-gestion-sociocultural\/"},"modified":"2024-02-19T16:00:09","modified_gmt":"2024-02-19T19:00:09","slug":"tecnicatura-superior-en-gestion-sociocultural","status":"publish","type":"page","link":"https:\/\/espbaecaraffa-cba.infd.edu.ar\/sitio\/tecnicatura-superior-en-gestion-sociocultural\/","title":{"rendered":"TECNICATURA SUPERIOR EN GESTI\u00d3N SOCIOCULTURAL"},"content":{"rendered":"<h1 style=\"text-align: center;\"><span style=\"color: #ff0000;\">\u00abSEMINARIO EL OFICIO DE SER T\u00c9CNICO\u00bb<\/span><\/h1>\n<h2><span style=\"color: #ff0000;\"><strong>INICIO : Febrero-Marzo 2024<\/strong> ( la escuela se comunicar\u00e1 con los estudiantes pre-matriculados por correo electr\u00f3nico para informar la modalidad de cursado ) Comunicarse con la Instituci\u00f3n a trav\u00e9s de WhatsApp 351707798 <\/span><\/h2>\n<h2><span style=\"color: #ff0000;\">Inicio de clases 3 de abril 2024<\/span><\/h2>\n<p><span style=\"font-family: 'comic sans ms', sans-serif; color: #800080;\"><strong><span style=\"font-size: 12pt;\">TECNICATURA SUPERIOR EN GESTI\u00d3N SOCIOCULTURAL.<\/span><\/strong><\/span><\/p>\n<p><span style=\"font-size: 12pt; font-family: 'comic sans ms', sans-serif; color: #800080;\">Carrera con una duraci\u00f3n de 3 a\u00f1os.<br \/>\n<\/span><\/p>\n<p><span style=\"font-size: 12pt; font-family: 'comic sans ms', sans-serif; color: #800080;\">T\u00edtulo: T\u00e9cnico Superior en Gesti\u00f3n Sociocultural<\/span><\/p>\n<p><span style=\"font-size: 12pt; font-family: 'comic sans ms', sans-serif; color: #800080;\">Los objetivos de la carrera son <\/span><\/p>\n<ul>\n<li>\n<div style=\"text-align: justify;\"><span style=\"font-family: 'comic sans ms', sans-serif; color: #800080;\"><span style=\"font-size: 10pt;\"><span style=\"font-size: 12pt;\">Formar profesionales y especialistas en gesti\u00f3n sociocultural que puedan aportar valor agregado y generar un desarrollo sostenido en las actividades sociales, culturales y art\u00edsticas, tanto del \u00e1mbito p\u00fablico, privado y de la sociedad civil.<\/span><\/span><\/span><\/div>\n<\/li>\n<li>\n<div style=\"text-align: justify;\"><span style=\"font-family: 'comic sans ms', sans-serif; color: #800080;\"><span style=\"font-size: 10pt;\"><span style=\"font-size: 12pt;\">Organizar y asesorar emprendimientos para la producci\u00f3n y comercializaci\u00f3n de bienes y servicios culturales, con orientaci\u00f3n al desarrollo local.<\/span><\/span><\/span><\/div>\n<\/li>\n<li>\n<div style=\"text-align: justify;\"><span style=\"font-family: 'comic sans ms', sans-serif; color: #800080;\"><span style=\"font-size: 10pt;\"><span style=\"font-size: 12pt;\"><a href=\"https:\/\/espbaecaraffa-cba.infd.edu.ar\/sitio\/wp-content\/uploads\/2021\/03\/HORARIOS-DE-TECNICURA-EN-GESTI\u00d3N-SOCIOCULTURAL-2021.pdf\">HORARIOS DE TECNICURA EN GESTI\u00d3N SOCIOCULTURAL 2024<\/a><\/span><\/span><\/span><\/div>\n<\/li>\n<\/ul>\n<p style=\"text-align: center;\"><span style=\"font-family: 'comic sans ms', sans-serif; color: #800080;\"><img decoding=\"async\" loading=\"lazy\" class=\"\" src=\"http:\/\/www.monografias.com\/trabajos81\/transposicion-sociocultural-gestores-socioculturales\/image003.jpg\" width=\"386\" height=\"250\" border=\"0\" \/><img decoding=\"async\" loading=\"lazy\" class=\"alignnone wp-image-849\" src=\"https:\/\/espbaecaraffa-cba.infd.edu.ar\/sitio\/wp-content\/uploads\/2020\/11\/IMG-20190610-WA0041-Tecnicatura-en-Gesti\u00f3n-471x1000.jpg\" alt=\"\" width=\"411\" height=\"873\" srcset=\"https:\/\/espbaecaraffa-cba.infd.edu.ar\/sitio\/wp-content\/uploads\/2020\/11\/IMG-20190610-WA0041-Tecnicatura-en-Gesti\u00f3n-471x1000.jpg 471w, https:\/\/espbaecaraffa-cba.infd.edu.ar\/sitio\/wp-content\/uploads\/2020\/11\/IMG-20190610-WA0041-Tecnicatura-en-Gesti\u00f3n.jpg 603w\" sizes=\"(max-width: 411px) 100vw, 411px\" \/><\/span><\/p>\n","protected":false},"excerpt":{"rendered":"<p>\u00abSEMINARIO EL OFICIO DE SER T\u00c9CNICO\u00bb INICIO : Febrero-Marzo 2024 ( la escuela se comunicar\u00e1 con los estudiantes pre-matriculados por correo electr\u00f3nico para informar la modalidad de cursado ) Comunicarse con la Instituci\u00f3n a trav\u00e9s de WhatsApp 351707798 Inicio de clases 3 de abril 2024 TECNICATURA SUPERIOR EN GESTI\u00d3N SOCIOCULTURAL. Carrera con una duraci\u00f3n de &#8230; <a title=\"TECNICATURA SUPERIOR EN GESTI\u00d3N SOCIOCULTURAL\" class=\"read-more\" href=\"https:\/\/espbaecaraffa-cba.infd.edu.ar\/sitio\/tecnicatura-superior-en-gestion-sociocultural\/\" aria-label=\"More on TECNICATURA SUPERIOR EN GESTI\u00d3N SOCIOCULTURAL\">[+]<\/a><\/p>\n","protected":false},"author":222,"featured_media":0,"parent":0,"menu_order":0,"comment_status":"closed","ping_status":"closed","template":"","meta":[],"acf":[],"_links":{"self":[{"href":"https:\/\/espbaecaraffa-cba.infd.edu.ar\/sitio\/wp-json\/wp\/v2\/pages\/743"}],"collection":[{"href":"https:\/\/espbaecaraffa-cba.infd.edu.ar\/sitio\/wp-json\/wp\/v2\/pages"}],"about":[{"href":"https:\/\/espbaecaraffa-cba.infd.edu.ar\/sitio\/wp-json\/wp\/v2\/types\/page"}],"author":[{"embeddable":true,"href":"https:\/\/espbaecaraffa-cba.infd.edu.ar\/sitio\/wp-json\/wp\/v2\/users\/222"}],"replies":[{"embeddable":true,"href":"https:\/\/espbaecaraffa-cba.infd.edu.ar\/sitio\/wp-json\/wp\/v2\/comments?post=743"}],"version-history":[{"count":13,"href":"https:\/\/espbaecaraffa-cba.infd.edu.ar\/sitio\/wp-json\/wp\/v2\/pages\/743\/revisions"}],"predecessor-version":[{"id":1104,"href":"https:\/\/espbaecaraffa-cba.infd.edu.ar\/sitio\/wp-json\/wp\/v2\/pages\/743\/revisions\/1104"}],"wp:attachment":[{"href":"https:\/\/espbaecaraffa-cba.infd.edu.ar\/sitio\/wp-json\/wp\/v2\/media?parent=743"}],"curies":[{"name":"wp","href":"https:\/\/api.w.org\/{rel}","templated":true}]}}