{"id":749,"date":"2018-08-30T11:59:29","date_gmt":"2018-08-30T14:59:29","guid":{"rendered":"https:\/\/espbaecaraffa-cba.infd.edu.ar\/sitio\/datos-institucionales\/"},"modified":"2024-03-15T11:20:35","modified_gmt":"2024-03-15T14:20:35","slug":"datos-institucionales","status":"publish","type":"page","link":"https:\/\/espbaecaraffa-cba.infd.edu.ar\/sitio\/datos-institucionales\/","title":{"rendered":"Datos institucionales"},"content":{"rendered":"<p><span style=\"font-family: 'comic sans ms', sans-serif; font-size: 14pt;\">\u00a0<\/span><\/p>\n<ul>\n<li style=\"list-style-type: none;\">\n<ul>\n<li><span style=\"font-family: 'comic sans ms', sans-serif; font-size: 14pt;\">Escuela Superior de Bellas Artes Emilio Caraffa <\/span><\/li>\n<li><span style=\"font-size: 14pt; font-family: 'comic sans ms', sans-serif;\">Catamarca 325 esquina Jap\u00f3n &#8211; Cosqu\u00edn, Pcia de C\u00f3rdoba<\/span><\/li>\n<li><span style=\"font-size: 14pt; font-family: 'comic sans ms', sans-serif;\">Tel\u00e9fonos: 03541 458166- <span style=\"color: #339966;\">3541707798 solo WhatsApp<\/span><\/span><\/li>\n<li><span style=\"font-family: 'comic sans ms', sans-serif; font-size: 14pt;\">E-mail de consultas: <span style=\"color: #0000ff;\">e<a style=\"color: #0000ff;\" href=\"mailto:caraffacosquin@arnetbiz.com.ar\">caraffacosquin@yahoo.com.ar<\/a><\/span><\/span><\/li>\n<\/ul>\n<\/li>\n<\/ul>\n<p><span style=\"font-family: 'comic sans ms', sans-serif; font-size: 14pt;\">\u00a0 \u00a0 \u00a0 \u00a0 \u00a0 \u00a0 \u00a0 \u00a0 \u00a0 \u00a0 \u00a0 \u00a0 \u00a0 \u00a0\u00a0<\/span><span style=\"font-family: 'comic sans ms', sans-serif; font-size: 14pt;\">Horarios de atenci\u00f3n:\u00a0 de 08 a 12 hs.\u00a0 y <\/span><span style=\"font-family: 'comic sans ms', sans-serif; font-size: 14pt;\">de 15 a 21 hs.<\/span><\/p>\n","protected":false},"excerpt":{"rendered":"<p>\u00a0 Escuela Superior de Bellas Artes Emilio Caraffa Catamarca 325 esquina Jap\u00f3n &#8211; Cosqu\u00edn, Pcia de C\u00f3rdoba Tel\u00e9fonos: 03541 458166- 3541707798 solo WhatsApp E-mail de consultas: ecaraffacosquin@yahoo.com.ar \u00a0 \u00a0 \u00a0 \u00a0 \u00a0 \u00a0 \u00a0 \u00a0 \u00a0 \u00a0 \u00a0 \u00a0 \u00a0 \u00a0\u00a0Horarios de atenci\u00f3n:\u00a0 de 08 a 12 hs.\u00a0 y de 15 a 21 hs.<\/p>\n","protected":false},"author":222,"featured_media":0,"parent":0,"menu_order":0,"comment_status":"closed","ping_status":"closed","template":"","meta":[],"acf":[],"_links":{"self":[{"href":"https:\/\/espbaecaraffa-cba.infd.edu.ar\/sitio\/wp-json\/wp\/v2\/pages\/749"}],"collection":[{"href":"https:\/\/espbaecaraffa-cba.infd.edu.ar\/sitio\/wp-json\/wp\/v2\/pages"}],"about":[{"href":"https:\/\/espbaecaraffa-cba.infd.edu.ar\/sitio\/wp-json\/wp\/v2\/types\/page"}],"author":[{"embeddable":true,"href":"https:\/\/espbaecaraffa-cba.infd.edu.ar\/sitio\/wp-json\/wp\/v2\/users\/222"}],"replies":[{"embeddable":true,"href":"https:\/\/espbaecaraffa-cba.infd.edu.ar\/sitio\/wp-json\/wp\/v2\/comments?post=749"}],"version-history":[{"count":5,"href":"https:\/\/espbaecaraffa-cba.infd.edu.ar\/sitio\/wp-json\/wp\/v2\/pages\/749\/revisions"}],"predecessor-version":[{"id":1150,"href":"https:\/\/espbaecaraffa-cba.infd.edu.ar\/sitio\/wp-json\/wp\/v2\/pages\/749\/revisions\/1150"}],"wp:attachment":[{"href":"https:\/\/espbaecaraffa-cba.infd.edu.ar\/sitio\/wp-json\/wp\/v2\/media?parent=749"}],"curies":[{"name":"wp","href":"https:\/\/api.w.org\/{rel}","templated":true}]}}