{"id":752,"date":"2020-12-18T11:59:31","date_gmt":"2020-12-18T14:59:31","guid":{"rendered":"https:\/\/espbaecaraffa-cba.infd.edu.ar\/sitio\/plan-de-estudios\/"},"modified":"2024-03-12T18:30:31","modified_gmt":"2024-03-12T21:30:31","slug":"inscripciones-cav","status":"publish","type":"page","link":"https:\/\/espbaecaraffa-cba.infd.edu.ar\/sitio\/inscripciones-cav\/","title":{"rendered":"INSCRIPCIONES C.A.V."},"content":{"rendered":"<h2 style=\"text-align: center;\"><span style=\"font-size: x-small; font-family: verdana, geneva; color: #000080;\"><strong><span style=\"font-size: 10pt;\">INSCRIPCI\u00d3N C.A.V. 2024.<\/span><\/strong><\/span><\/h2>\n<p style=\"text-align: center;\">FECHA DE INSCRIPCION DEL 11 AL 15 DE DICIEMBRE 2023<\/p>\n<p style=\"text-align: center;\">Y DEL 22 DE FEBRERO AL 1 DE MARZO 2024<\/p>\n<p style=\"text-align: center;\">EL HORARIO DE ATENCI\u00d3N AL P\u00daBLICO DE LA PRECEPTOR ELSA ES:<\/p>\n<p style=\"text-align: center;\"><strong>LUNES A JUEVES DE 16:00 A 18:00HS.<\/strong><\/p>\n<p style=\"text-align: center;\">FUERA DE ESE HORARIO NO SE RECEPTAR\u00c1 DOCUMENTACI\u00d3N<\/p>\n<p style=\"text-align: center;\"><span style=\"font-size: x-small; font-family: verdana,geneva;\"><span style=\"color: #005c00;\"><strong><span style=\"font-size: 10pt;\">Descargar el formulario de inscripci\u00f3n <\/span><\/strong><\/span><\/span><\/p>\n<ul style=\"text-align: center;\">\n<li>Formulario de inscripci\u00f3n completo<\/li>\n<li><a href=\"https:\/\/espbaecaraffa-cba.infd.edu.ar\/sitio\/wp-content\/uploads\/2024\/03\/FORMULARIO-DE-INSCRIPCION-C.-A.-V.-2024.doc\">https:\/\/espbaecaraffa-cba.infd.edu.ar\/sitio\/wp-content\/uploads\/2024\/03\/FORMULARIO-DE-INSCRIPCION-C.-A.-V.-2024.doc<\/a><\/li>\n<\/ul>\n<p style=\"text-align: center;\">\n<ul style=\"text-align: center;\">\n<li>DNI, frente y dorso<\/li>\n<li>Ficha m\u00e9dica del Ministerio de Educaci\u00f3n ( CUS)<\/li>\n<\/ul>\n<p style=\"text-align: center;\">Ficha m\u00e9dica oficial estudiantes 2024<\/p>\n<p style=\"text-align: center;\"><a href=\"https:\/\/espbaecaraffa-cba.infd.edu.ar\/sitio\/wp-content\/uploads\/2022\/12\/CUS.pdf\">CUS<\/a><\/p>\n<p style=\"text-align: center;\"><a href=\"https:\/\/espbaecaraffa-cba.infd.edu.ar\/sitio\/wp-content\/uploads\/2022\/12\/Informe-de-salud-Anual-I.S.A..doc\">Informe-de-salud-Anual-I.S.A.<\/a><\/p>\n<ul style=\"text-align: center;\">\n<li>CUIL<\/li>\n<li>Foto carnet<\/li>\n<\/ul>\n<p style=\"text-align: center;\"><span style=\"font-size: x-small; font-family: verdana,geneva;\"><span style=\"color: #005c00;\"><span style=\"font-size: 10pt;\"><span style=\"color: #005c00; font-family: verdana, geneva; font-size: 10pt;\"><b>Deber\u00e1n ser presentados en formato papel, al momento de la inscripci\u00f3n.<\/b><\/span><\/span><\/span><\/span><\/p>\n","protected":false},"excerpt":{"rendered":"<p>INSCRIPCI\u00d3N C.A.V. 2024. FECHA DE INSCRIPCION DEL 11 AL 15 DE DICIEMBRE 2023 Y DEL 22 DE FEBRERO AL 1 DE MARZO 2024 EL HORARIO DE ATENCI\u00d3N AL P\u00daBLICO DE LA PRECEPTOR ELSA ES: LUNES A JUEVES DE 16:00 A 18:00HS. FUERA DE ESE HORARIO NO SE RECEPTAR\u00c1 DOCUMENTACI\u00d3N Descargar el formulario de inscripci\u00f3n Formulario &#8230; <a title=\"INSCRIPCIONES C.A.V.\" class=\"read-more\" href=\"https:\/\/espbaecaraffa-cba.infd.edu.ar\/sitio\/inscripciones-cav\/\" aria-label=\"More on INSCRIPCIONES C.A.V.\">[+]<\/a><\/p>\n","protected":false},"author":222,"featured_media":0,"parent":0,"menu_order":0,"comment_status":"closed","ping_status":"closed","template":"","meta":[],"acf":[],"_links":{"self":[{"href":"https:\/\/espbaecaraffa-cba.infd.edu.ar\/sitio\/wp-json\/wp\/v2\/pages\/752"}],"collection":[{"href":"https:\/\/espbaecaraffa-cba.infd.edu.ar\/sitio\/wp-json\/wp\/v2\/pages"}],"about":[{"href":"https:\/\/espbaecaraffa-cba.infd.edu.ar\/sitio\/wp-json\/wp\/v2\/types\/page"}],"author":[{"embeddable":true,"href":"https:\/\/espbaecaraffa-cba.infd.edu.ar\/sitio\/wp-json\/wp\/v2\/users\/222"}],"replies":[{"embeddable":true,"href":"https:\/\/espbaecaraffa-cba.infd.edu.ar\/sitio\/wp-json\/wp\/v2\/comments?post=752"}],"version-history":[{"count":9,"href":"https:\/\/espbaecaraffa-cba.infd.edu.ar\/sitio\/wp-json\/wp\/v2\/pages\/752\/revisions"}],"predecessor-version":[{"id":1140,"href":"https:\/\/espbaecaraffa-cba.infd.edu.ar\/sitio\/wp-json\/wp\/v2\/pages\/752\/revisions\/1140"}],"wp:attachment":[{"href":"https:\/\/espbaecaraffa-cba.infd.edu.ar\/sitio\/wp-json\/wp\/v2\/media?parent=752"}],"curies":[{"name":"wp","href":"https:\/\/api.w.org\/{rel}","templated":true}]}}