{"id":760,"date":"2018-08-30T11:59:33","date_gmt":"2018-08-30T14:59:33","guid":{"rendered":"https:\/\/espbaecaraffa-cba.infd.edu.ar\/sitio\/historia\/"},"modified":"2024-03-12T17:49:53","modified_gmt":"2024-03-12T20:49:53","slug":"historia","status":"publish","type":"page","link":"https:\/\/espbaecaraffa-cba.infd.edu.ar\/sitio\/historia\/","title":{"rendered":"Historia"},"content":{"rendered":"<p style=\"text-align: justify;\"><span style=\"font-size: 12pt; font-family: 'comic sans ms', sans-serif; color: #800080;\"><strong><span style=\"text-decoration: underline;\">E<\/span><span style=\"text-decoration: underline;\">SCUELA PROVINCIAL DE BELLAS ARTES \u201cEMILIO CARAFFA\u201d<\/span><br \/>\n<\/strong><\/span><\/p>\n<p style=\"text-align: justify;\"><span style=\"font-size: 12pt; font-family: 'comic sans ms', sans-serif; color: #800080;\">Fundada el 10 de Febrero de 1952, funcion\u00f3 como academia en la planta alta de la Galer\u00eda Geranio.<\/span><\/p>\n<p style=\"text-align: justify;\"><span style=\"font-size: 12pt; font-family: 'comic sans ms', sans-serif; color: #800080;\">En 1956 se tramita la incorporaci\u00f3n como actividad oficial; se consigue el plan de estudios del ciclo de magisterio de artes pl\u00e1sticas de la Escuela Provincial de Bellas Artes Dr.\u00a0Figueroa Alcorta de la ciudad de C\u00f3rdoba.<\/span><\/p>\n<p style=\"text-align: justify;\"><span style=\"font-size: 12pt; font-family: 'comic sans ms', sans-serif; color: #800080;\">Desde el 24 de marzo de 1960, se oficializa como <strong>Escuela Provincial de Bellas\u00a0Artes Emilio Caraffa<\/strong>, con la designaci\u00f3n de la Prof. Mar\u00eda Marta Ricci como su primera Directora.<\/span><\/p>\n<p style=\"text-align: justify;\"><span style=\"font-size: 12pt; font-family: 'comic sans ms', sans-serif; color: #800080;\">En 1982 se traslada al edificio que actualmente ocupa. Es de destacar que hasta el a\u00f1o 1985 la escuela organiz\u00f3 durante 20 a\u00f1os el encuentro provincial de escuelas de artes de la provincia de C\u00f3rdoba.\u00a0.<\/span><\/p>\n<p style=\"text-align: justify;\"><span style=\"font-size: 12pt; font-family: 'comic sans ms', sans-serif; color: #800080;\">\u00danica escuela de Artes del Valle de Punilla, que desarrolla el potencial art\u00edstico, la capacidad creadora y\u00a0la\u00a0formaci\u00f3n necesaria para el desarrollo personal y laboral de los ni\u00f1os, j\u00f3venes y adultos de la zona.<\/span><\/p>\n<p style=\"text-align: justify;\"><span style=\"font-size: 12pt; font-family: 'comic sans ms', sans-serif; color: #800080;\">Actualmente cuenta en su <strong>Nivel Medio<\/strong> con los <strong>Talleres de expresi\u00f3n pl\u00e1stica Infanto &#8211; Juvenil <\/strong>y los <strong>CICLOS ART\u00cdSTICOS VOCACIONALES (CAV)\u00a0 CERAMICA- MURALISMO- DISE\u00d1OS GRAFICO- ARTES VISUALES\u00a0 <\/strong><strong>\u00a0<\/strong>que permiten el desarrollo de competencias del \u00e1rea pl\u00e1stico visual a ni\u00f1os y j\u00f3venes.\u00a0<\/span><\/p>\n<p style=\"text-align: justify;\"><span style=\"font-size: 12pt; font-family: 'comic sans ms', sans-serif; color: #800080;\">Esta Instituci\u00f3n cuenta desde el a\u00f1o 2002 con un Instituto de Formaci\u00f3n Docente en Artes Visuales, \u00fanica en su tipo en el Valle de Punilla con titulaci\u00f3n de <strong>Nivel Terciario No Universitario:<\/strong> <\/span><\/p>\n<ul>\n<li>\n<div style=\"text-align: justify;\"><span style=\"font-size: 12pt; font-family: 'comic sans ms', sans-serif; color: #800080;\">El <strong>PROFESORADO EN ARTES VISUALES<\/strong> prepara a los futuros egresados para desempe\u00f1arse en todas las instancias de formaci\u00f3n del nivel inicial, primario, en el CBU, Ciclos de Especializaci\u00f3n y en instancias de formaci\u00f3n en el Nivel Medio, rama art\u00edstica, educaci\u00f3n especial y no formal.<\/span><\/div>\n<\/li>\n<li>\n<div style=\"text-align: justify;\"><span style=\"font-size: 12pt; font-family: 'comic sans ms', sans-serif; color: #800080;\">La <strong>TECNICATURA SUPERIOR EN ARTES<\/strong> \u00a0profundiza, ampl\u00eda y contextualiza las competencias art\u00edsticas permitiendo a los egresados incorporarse al mundo del trabajo o a las actividades relacionadas con eventos art\u00edsticos y culturales.<\/span><\/div>\n<\/li>\n<li>\n<div style=\"text-align: justify;\"><span style=\"font-size: 12pt; font-family: 'comic sans ms', sans-serif; color: #800080;\">En el a\u00f1o 2009 se da apertura a la carrera de <strong>TECNICATURA SUPERIOR EN GESTION SOCIO CULTURAL<\/strong>: forma t\u00e9cnicos para gestionar dispositivos y acciones en los \u00e1mbitos p\u00fablicos, privados y de la sociedad civil que promuevan actividades recreativas, art\u00edsticas y de animaci\u00f3n socio cultural centrados en la participaci\u00f3n comunitaria y la promoci\u00f3n social de la cultura.<\/span><\/div>\n<\/li>\n<\/ul>\n<p style=\"text-align: justify;\"><span style=\"font-size: 12pt; font-family: 'comic sans ms', sans-serif; color: #800080;\">\u00a0<\/span><\/p>\n<p><span style=\"font-size: 12pt; font-family: 'comic sans ms', sans-serif; color: #800080;\">\u00a0<\/span><\/p>\n","protected":false},"excerpt":{"rendered":"<p>ESCUELA PROVINCIAL DE BELLAS ARTES \u201cEMILIO CARAFFA\u201d Fundada el 10 de Febrero de 1952, funcion\u00f3 como academia en la planta alta de la Galer\u00eda Geranio. En 1956 se tramita la incorporaci\u00f3n como actividad oficial; se consigue el plan de estudios del ciclo de magisterio de artes pl\u00e1sticas de la Escuela Provincial de Bellas Artes Dr.\u00a0Figueroa &#8230; <a title=\"Historia\" class=\"read-more\" href=\"https:\/\/espbaecaraffa-cba.infd.edu.ar\/sitio\/historia\/\" aria-label=\"More on Historia\">[+]<\/a><\/p>\n","protected":false},"author":222,"featured_media":0,"parent":0,"menu_order":0,"comment_status":"closed","ping_status":"closed","template":"","meta":[],"acf":[],"_links":{"self":[{"href":"https:\/\/espbaecaraffa-cba.infd.edu.ar\/sitio\/wp-json\/wp\/v2\/pages\/760"}],"collection":[{"href":"https:\/\/espbaecaraffa-cba.infd.edu.ar\/sitio\/wp-json\/wp\/v2\/pages"}],"about":[{"href":"https:\/\/espbaecaraffa-cba.infd.edu.ar\/sitio\/wp-json\/wp\/v2\/types\/page"}],"author":[{"embeddable":true,"href":"https:\/\/espbaecaraffa-cba.infd.edu.ar\/sitio\/wp-json\/wp\/v2\/users\/222"}],"replies":[{"embeddable":true,"href":"https:\/\/espbaecaraffa-cba.infd.edu.ar\/sitio\/wp-json\/wp\/v2\/comments?post=760"}],"version-history":[{"count":2,"href":"https:\/\/espbaecaraffa-cba.infd.edu.ar\/sitio\/wp-json\/wp\/v2\/pages\/760\/revisions"}],"predecessor-version":[{"id":1128,"href":"https:\/\/espbaecaraffa-cba.infd.edu.ar\/sitio\/wp-json\/wp\/v2\/pages\/760\/revisions\/1128"}],"wp:attachment":[{"href":"https:\/\/espbaecaraffa-cba.infd.edu.ar\/sitio\/wp-json\/wp\/v2\/media?parent=760"}],"curies":[{"name":"wp","href":"https:\/\/api.w.org\/{rel}","templated":true}]}}