{"id":765,"date":"2020-12-03T11:59:36","date_gmt":"2020-12-03T14:59:36","guid":{"rendered":"https:\/\/espbaecaraffa-cba.infd.edu.ar\/sitio\/plan-de-estudios-4\/"},"modified":"2024-11-20T16:06:27","modified_gmt":"2024-11-20T19:06:27","slug":"documentacion-inscripcion","status":"publish","type":"page","link":"https:\/\/espbaecaraffa-cba.infd.edu.ar\/sitio\/documentacion-inscripcion\/","title":{"rendered":"Documentaci\u00f3n de inscripci\u00f3n"},"content":{"rendered":"<h4 style=\"text-align: center;\"><span style=\"font-size: x-small; font-family: verdana,geneva;\"><span style=\"color: #005c00;\"><strong><span style=\"font-size: 10pt;\">Documentaci\u00f3n de Inscripci\u00f3n 2025. <\/span><\/strong><\/span><\/span><\/h4>\n<p style=\"text-align: center;\"><span style=\"font-size: x-small; font-family: verdana,geneva;\"><span style=\"color: #005c00;\"><span style=\"font-size: 10pt;\"><span style=\"color: #005c00; font-family: verdana, geneva; font-size: 10pt;\"><b>Deber\u00e1n ser presentados en la secretar\u00eda de la escuela, en formato papel<\/b><\/span><span style=\"color: #005c00; font-family: verdana, geneva; font-size: 10pt;\"><b>, con plazo al 31\/03\/2025, junto al FORMULARIO DE INSCRIPCI\u00d3N<\/b><\/span><\/span><\/span><\/span><\/p>\n<h6><span style=\"color: #008000;\">FORMULARIO DE INSCRIPCION PROFESORADO DE ARTES VISUALES<\/span><\/h6>\n<h6><span style=\"color: #008000;\">FORMULARIO DE INSCRIPCION TECNICATURA EN\u00a0 ARTES VISUALES\u00a0<\/span><\/h6>\n<h6><span style=\"color: #008000;\">FORMULARIO DE INSCRIPCION TECNICATURA EN\u00a0 GESTION SOCIO CULTURAL<\/span><\/h6>\n<ul>\n<li>Certificado o partida de nacimiento<\/li>\n<li>Certificado anal\u00edtico de nivel Secundario ( o la constancia de certificado anal\u00edtico en tr\u00e1mite)<\/li>\n<li>Ficha m\u00e9dica del Ministerio de Educaci\u00f3n ( CUS), con electrocardiograma)<\/li>\n<li>CUIL<\/li>\n<li>Foto carnet<\/li>\n<li>Carpeta colgante\n<p style=\"text-align: center;\">HORARIO DE ATENCI\u00d3N AL P\u00daBLICO DEL SECRETARIO SON:<\/p>\n<p style=\"text-align: center;\"><strong>TECNICATURA EN GESTI\u00d3N SOCIO CULTURAL LOS LUNES DE 18 A 21 HS.<\/strong><\/p>\n<p style=\"text-align: center;\"><b>TECNICATURA EN ARTES VISUALES LOS MI\u00c9RCOLES DE 18 A 21\u00a0 HS.<\/b><\/p>\n<p style=\"text-align: center;\"><strong>PROFESORADO EN ARTES VISUALES LOS VIERNES DE 18 A 21 HS<\/strong><\/p>\n<\/li>\n<li>FUERA DE ESE HORARIO NO SE RECEPTAR\u00c1 DOCUMENTACI\u00d3N<\/li>\n<\/ul>\n","protected":false},"excerpt":{"rendered":"<p>Documentaci\u00f3n de Inscripci\u00f3n 2025. Deber\u00e1n ser presentados en la secretar\u00eda de la escuela, en formato papel, con plazo al 31\/03\/2025, junto al FORMULARIO DE INSCRIPCI\u00d3N FORMULARIO DE INSCRIPCION PROFESORADO DE ARTES VISUALES FORMULARIO DE INSCRIPCION TECNICATURA EN\u00a0 ARTES VISUALES\u00a0 FORMULARIO DE INSCRIPCION TECNICATURA EN\u00a0 GESTION SOCIO CULTURAL Certificado o partida de nacimiento Certificado anal\u00edtico de &#8230; <a title=\"Documentaci\u00f3n de inscripci\u00f3n\" class=\"read-more\" href=\"https:\/\/espbaecaraffa-cba.infd.edu.ar\/sitio\/documentacion-inscripcion\/\" aria-label=\"More on Documentaci\u00f3n de inscripci\u00f3n\">[+]<\/a><\/p>\n","protected":false},"author":222,"featured_media":0,"parent":0,"menu_order":0,"comment_status":"closed","ping_status":"closed","template":"","meta":[],"acf":[],"_links":{"self":[{"href":"https:\/\/espbaecaraffa-cba.infd.edu.ar\/sitio\/wp-json\/wp\/v2\/pages\/765"}],"collection":[{"href":"https:\/\/espbaecaraffa-cba.infd.edu.ar\/sitio\/wp-json\/wp\/v2\/pages"}],"about":[{"href":"https:\/\/espbaecaraffa-cba.infd.edu.ar\/sitio\/wp-json\/wp\/v2\/types\/page"}],"author":[{"embeddable":true,"href":"https:\/\/espbaecaraffa-cba.infd.edu.ar\/sitio\/wp-json\/wp\/v2\/users\/222"}],"replies":[{"embeddable":true,"href":"https:\/\/espbaecaraffa-cba.infd.edu.ar\/sitio\/wp-json\/wp\/v2\/comments?post=765"}],"version-history":[{"count":12,"href":"https:\/\/espbaecaraffa-cba.infd.edu.ar\/sitio\/wp-json\/wp\/v2\/pages\/765\/revisions"}],"predecessor-version":[{"id":1169,"href":"https:\/\/espbaecaraffa-cba.infd.edu.ar\/sitio\/wp-json\/wp\/v2\/pages\/765\/revisions\/1169"}],"wp:attachment":[{"href":"https:\/\/espbaecaraffa-cba.infd.edu.ar\/sitio\/wp-json\/wp\/v2\/media?parent=765"}],"curies":[{"name":"wp","href":"https:\/\/api.w.org\/{rel}","templated":true}]}}